{"id":1985,"date":"2025-01-29T15:10:59","date_gmt":"2025-01-29T15:10:59","guid":{"rendered":"https:\/\/amlgroupe.eu\/cookies\/"},"modified":"2025-02-12T10:40:11","modified_gmt":"2025-02-12T10:40:11","slug":"cookies","status":"publish","type":"page","link":"https:\/\/amlgroupe.eu\/nl\/cookies\/","title":{"rendered":"Cookies"},"content":{"rendered":"\t\t<div data-elementor-type=\"wp-page\" data-elementor-id=\"1985\" class=\"elementor elementor-1985 elementor-922\" data-elementor-post-type=\"page\">\n\t\t\t\t<div class=\"elementor-element elementor-element-39dc8a0 e-con-full e-flex e-con e-parent\" data-id=\"39dc8a0\" data-element_type=\"container\">\n\t\t<div class=\"elementor-element elementor-element-02578d7 e-con-full cut-container e-flex e-con e-child\" data-id=\"02578d7\" data-element_type=\"container\" data-settings=\"{&quot;background_background&quot;:&quot;classic&quot;}\">\n\t\t<div class=\"elementor-element elementor-element-9b0f774 e-flex e-con-boxed e-con e-child\" data-id=\"9b0f774\" data-element_type=\"container\">\n\t\t\t\t\t<div class=\"e-con-inner\">\n\t\t\t\t<div class=\"elementor-element elementor-element-26910f7 elementor-invisible elementor-widget elementor-widget-heading\" data-id=\"26910f7\" data-element_type=\"widget\" data-settings=\"{&quot;_animation&quot;:&quot;fadeInUp&quot;,&quot;_animation_delay&quot;:400}\" data-widget_type=\"heading.default\">\n\t\t\t\t\t<h1 class=\"elementor-heading-title elementor-size-default\">Cookies<\/h1>\t\t\t\t<\/div>\n\t\t<div class=\"elementor-element elementor-element-2f16ad2 e-con-full e-flex e-con e-child\" data-id=\"2f16ad2\" data-element_type=\"container\">\n\t\t\t\t<div class=\"elementor-element elementor-element-cba0258 elementor-invisible elementor-widget elementor-widget-button\" data-id=\"cba0258\" data-element_type=\"widget\" data-settings=\"{&quot;_animation&quot;:&quot;fadeInUp&quot;,&quot;_animation_delay&quot;:800}\" data-widget_type=\"button.default\">\n\t\t\t\t\t\t\t\t\t\t<a class=\"elementor-button elementor-button-link elementor-size-sm\" href=\"https:\/\/amlgroupe.eu\/nl\/\">\n\t\t\t\t\t\t<span class=\"elementor-button-content-wrapper\">\n\t\t\t\t\t\t<span class=\"elementor-button-icon\">\n\t\t\t\t<i aria-hidden=\"true\" class=\"icon icon-arrow-left\"><\/i>\t\t\t<\/span>\n\t\t\t\t\t\t\t\t\t<span class=\"elementor-button-text\">Retour vers le site<\/span>\n\t\t\t\t\t<\/span>\n\t\t\t\t\t<\/a>\n\t\t\t\t\t\t\t\t<\/div>\n\t\t\t\t<\/div>\n\t\t\t\t\t<\/div>\n\t\t\t\t<\/div>\n\t\t\t\t<\/div>\n\t\t\t\t<\/div>\n\t\t<div class=\"elementor-element elementor-element-d278a18 e-flex e-con-boxed elementor-invisible e-con e-parent\" data-id=\"d278a18\" data-element_type=\"container\" data-settings=\"{&quot;animation&quot;:&quot;fadeIn&quot;}\">\n\t\t\t\t\t<div class=\"e-con-inner\">\n\t\t\t\t<div class=\"elementor-element elementor-element-2cedd3e elementor-widget elementor-widget-text-editor\" data-id=\"2cedd3e\" data-element_type=\"widget\" data-widget_type=\"text-editor.default\">\n\t\t\t\t\t\t\t\t\t<h3>Que sont les cookies ?<\/h3><p>La pr\u00e9sente politique en mati\u00e8re de cookies explique ce que sont les cookies et comment nous les utilisons, les types de cookies que nous utilisons, les informations que nous recueillons \u00e0 l&#8217;aide des cookies et la mani\u00e8re dont ces informations sont utilis\u00e9es, ainsi que la mani\u00e8re de g\u00e9rer les param\u00e8tres des cookies.<\/p><p>Les cookies sont de petits fichiers texte utilis\u00e9s pour stocker de petits \u00e9l\u00e9ments d&#8217;information. Ils sont stock\u00e9s sur votre appareil lorsque le site web se charge dans votre navigateur. Ces cookies nous aident \u00e0 faire fonctionner correctement le site web, \u00e0 le rendre plus s\u00fbr, \u00e0 offrir une meilleure exp\u00e9rience \u00e0 l&#8217;utilisateur, \u00e0 comprendre comment le site web fonctionne et \u00e0 analyser ce qui fonctionne et ce qui doit \u00eatre am\u00e9lior\u00e9.<\/p><h3>\u00a0<\/h3><h3>Comment utilisons-nous les cookies ?<\/h3><p>Comme la plupart des services en ligne, notre site web utilise des cookies de premi\u00e8re partie et de tierce partie \u00e0 des fins diff\u00e9rentes. Les cookies tiers sont g\u00e9n\u00e9ralement n\u00e9cessaires au bon fonctionnement du site web et ne collectent pas de donn\u00e9es personnelles identifiables.<\/p><p>Les cookies tiers utilis\u00e9s sur notre site web servent principalement \u00e0 comprendre comment le site web fonctionne, comment vous interagissez avec notre site web, \u00e0 assurer la s\u00e9curit\u00e9 de nos services, \u00e0 diffuser des publicit\u00e9s pertinentes pour vous et, dans l&#8217;ensemble, \u00e0 vous offrir une exp\u00e9rience utilisateur meilleure et am\u00e9lior\u00e9e et \u00e0 acc\u00e9l\u00e9rer vos interactions futures avec notre site web.<\/p><h3>\u00a0<\/h3><h3>Types de cookies que nous utilisons<\/h3><p><strong>N\u00e9cessaires<\/strong><\/p><p>Les cookies n\u00e9cessaires sont requis pour permettre les fonctions de base de ce site, telles que la connexion s\u00e9curis\u00e9e ou la personnalisation de vos pr\u00e9f\u00e9rences en mati\u00e8re de consentement. Ces cookies ne stockent pas de donn\u00e9es personnelles identifiables.<\/p><p><strong>\u00a0<\/strong><\/p><p><strong>Analytique<\/strong><\/p><p>Les cookies analytiques sont utilis\u00e9s pour comprendre comment les visiteurs interagissent avec le site web. Ces cookies fournissent des informations sur les statistiques telles que le nombre de visiteurs, le taux de rebond, la source du trafic, etc.<\/p><h3>\u00a0<\/h3><h3>G\u00e9rer les pr\u00e9f\u00e9rences en mati\u00e8re de cookies<\/h3><p><a class=\"cky-banner-element\">Param\u00e8tres des cookies<\/a><\/p><p><strong>\u00a0<\/strong><\/p><p><span style=\"text-align: var(--text-align); color: var( --e-global-color-text ); font-family: var( --e-global-typography-text-font-family ), Sans-serif; font-size: var( --e-global-typography-text-font-size ); font-weight: var( --e-global-typography-text-font-weight );\">Vous pouvez modifier vos pr\u00e9f\u00e9rences en mati\u00e8re de cookies \u00e0 tout moment en cliquant sur le bouton ci-dessus. Cela vous permet de revenir sur la banni\u00e8re de consentement aux cookies et de modifier vos pr\u00e9f\u00e9rences ou de retirer votre consentement imm\u00e9diatement.<\/span><\/p><p>En outre, les navigateurs offrent diff\u00e9rentes m\u00e9thodes pour bloquer et supprimer les cookies utilis\u00e9s par les sites web. Vous pouvez modifier les param\u00e8tres de votre navigateur pour bloquer\/supprimer les cookies. Vous trouverez ci-dessous des liens vers des documents d&#8217;information sur la gestion et la suppression des cookies \u00e0 partir des principaux navigateurs web.<\/p><p>\u00a0<\/p><p>Chrome <a href=\"https:\/\/support.google.com\/accounts\/answer\/32050\">: https:\/\/support.google.com\/accounts\/answer\/32050<\/a><\/p><p>Safari : <a href=\"https:\/\/support.apple.com\/en-in\/guide\/safari\/sfri11471\/mac\">https:\/\/support.apple.com\/en-in\/guide\/safari\/sfri11471\/mac<\/a><\/p><p>Firefox : <a href=\"https:\/\/support.mozilla.org\/en-US\/kb\/clear-cookies-and-site-data-firefox?redirectslug=delete-cookies-remove-info-websites-stored&amp;redirectlocale=en-US\">https:\/\/support.mozilla.org\/en-US\/kb\/clear-cookies-and-site-data-firefox?redirectslug=delete-cookies-remove-info-websites-stored&amp;redirectlocale=en-US<\/a><\/p><p>Internet Explorer : <a href=\"https:\/\/support.microsoft.com\/en-us\/topic\/how-to-delete-cookie-files-in-internet-explorer-bca9446f-d873-78de-77ba-d42645fa52fc\">https:\/\/support.microsoft.com\/en-us\/topic\/how-to-delete-cookie-files-in-internet-explorer-bca9446f-d873-78de-77ba-d42645fa52fc<\/a><\/p><p>\u00a0<\/p><p>Si vous utilisez un autre navigateur web, veuillez consulter les documents d&#8217;assistance officiels de votre navigateur.<\/p><p>\u00a0<\/p><p>Derni\u00e8re mise \u00e0 jour le 29\/01\/2025<\/p><p>Date d&#8217;entr\u00e9e en vigueur 29\/01\/2025<\/p>\t\t\t\t\t\t\t\t<\/div>\n\t\t\t\t\t<\/div>\n\t\t\t\t<\/div>\n\t\t\t\t<\/div>\n\t\t","protected":false},"excerpt":{"rendered":"<p>Retour vers le site Que sont les cookies ? La pr\u00e9sente politique en mati\u00e8re de cookies explique ce que sont les cookies et comment nous les utilisons, les types de cookies que nous utilisons, les informations que nous recueillons \u00e0 l&#8217;aide des cookies et la mani\u00e8re dont ces informations sont utilis\u00e9es, ainsi que la mani\u00e8re [&hellip;]<\/p>\n","protected":false},"author":1,"featured_media":0,"parent":0,"menu_order":0,"comment_status":"closed","ping_status":"closed","template":"","meta":{"_acf_changed":false,"footnotes":""},"class_list":["post-1985","page","type-page","status-publish","hentry"],"acf":[],"yoast_head":"<!-- This site is optimized with the Yoast SEO plugin v26.7 - https:\/\/yoast.com\/wordpress\/plugins\/seo\/ -->\n<title>Cookies - AML Groupe<\/title>\n<meta name=\"robots\" content=\"index, follow, max-snippet:-1, max-image-preview:large, max-video-preview:-1\" \/>\n<link rel=\"canonical\" href=\"https:\/\/amlgroupe.eu\/nl\/cookies\/\" \/>\n<meta property=\"og:locale\" content=\"nl_NL\" \/>\n<meta property=\"og:type\" content=\"article\" \/>\n<meta property=\"og:title\" content=\"Cookies - AML Groupe\" \/>\n<meta property=\"og:description\" content=\"Retour vers le site Que sont les cookies ? La pr\u00e9sente politique en mati\u00e8re de cookies explique ce que sont les cookies et comment nous les utilisons, les types de cookies que nous utilisons, les informations que nous recueillons \u00e0 l&#8217;aide des cookies et la mani\u00e8re dont ces informations sont utilis\u00e9es, ainsi que la mani\u00e8re [&hellip;]\" \/>\n<meta property=\"og:url\" content=\"https:\/\/amlgroupe.eu\/nl\/cookies\/\" \/>\n<meta property=\"og:site_name\" content=\"AML Groupe\" \/>\n<meta property=\"article:modified_time\" content=\"2025-02-12T10:40:11+00:00\" \/>\n<meta property=\"og:image\" content=\"https:\/\/amlgroupe.eu\/wp-content\/uploads\/2025\/01\/pont-6t4-tourelle.jpg\" \/>\n\t<meta property=\"og:image:width\" content=\"1800\" \/>\n\t<meta property=\"og:image:height\" content=\"1350\" \/>\n\t<meta property=\"og:image:type\" content=\"image\/jpeg\" \/>\n<meta name=\"twitter:card\" content=\"summary_large_image\" \/>\n<meta name=\"twitter:label1\" content=\"Geschatte leestijd\" \/>\n\t<meta name=\"twitter:data1\" content=\"3 minuten\" \/>\n<script type=\"application\/ld+json\" class=\"yoast-schema-graph\">{\"@context\":\"https:\/\/schema.org\",\"@graph\":[{\"@type\":\"WebPage\",\"@id\":\"https:\/\/amlgroupe.eu\/nl\/cookies\/\",\"url\":\"https:\/\/amlgroupe.eu\/nl\/cookies\/\",\"name\":\"Cookies - AML Groupe\",\"isPartOf\":{\"@id\":\"https:\/\/amlgroupe.eu\/nl\/#website\"},\"datePublished\":\"2025-01-29T15:10:59+00:00\",\"dateModified\":\"2025-02-12T10:40:11+00:00\",\"breadcrumb\":{\"@id\":\"https:\/\/amlgroupe.eu\/nl\/cookies\/#breadcrumb\"},\"inLanguage\":\"nl-NL\",\"potentialAction\":[{\"@type\":\"ReadAction\",\"target\":[\"https:\/\/amlgroupe.eu\/nl\/cookies\/\"]}]},{\"@type\":\"BreadcrumbList\",\"@id\":\"https:\/\/amlgroupe.eu\/nl\/cookies\/#breadcrumb\",\"itemListElement\":[{\"@type\":\"ListItem\",\"position\":1,\"name\":\"Home\",\"item\":\"https:\/\/amlgroupe.eu\/nl\/home\/\"},{\"@type\":\"ListItem\",\"position\":2,\"name\":\"Cookies\"}]},{\"@type\":\"WebSite\",\"@id\":\"https:\/\/amlgroupe.eu\/nl\/#website\",\"url\":\"https:\/\/amlgroupe.eu\/nl\/\",\"name\":\"AML Groupe\",\"description\":\"\",\"publisher\":{\"@id\":\"https:\/\/amlgroupe.eu\/nl\/#organization\"},\"potentialAction\":[{\"@type\":\"SearchAction\",\"target\":{\"@type\":\"EntryPoint\",\"urlTemplate\":\"https:\/\/amlgroupe.eu\/nl\/?s={search_term_string}\"},\"query-input\":{\"@type\":\"PropertyValueSpecification\",\"valueRequired\":true,\"valueName\":\"search_term_string\"}}],\"inLanguage\":\"nl-NL\"},{\"@type\":\"Organization\",\"@id\":\"https:\/\/amlgroupe.eu\/nl\/#organization\",\"name\":\"AML Groupe\",\"url\":\"https:\/\/amlgroupe.eu\/nl\/\",\"logo\":{\"@type\":\"ImageObject\",\"inLanguage\":\"nl-NL\",\"@id\":\"https:\/\/amlgroupe.eu\/nl\/#\/schema\/logo\/image\/\",\"url\":\"https:\/\/amlgroupe.eu\/wp-content\/uploads\/2025\/02\/aml-groupe-logo-couleur-espace.jpg\",\"contentUrl\":\"https:\/\/amlgroupe.eu\/wp-content\/uploads\/2025\/02\/aml-groupe-logo-couleur-espace.jpg\",\"width\":2000,\"height\":915,\"caption\":\"AML Groupe\"},\"image\":{\"@id\":\"https:\/\/amlgroupe.eu\/nl\/#\/schema\/logo\/image\/\"}}]}<\/script>\n<!-- \/ Yoast SEO plugin. -->","yoast_head_json":{"title":"Cookies - AML Groupe","robots":{"index":"index","follow":"follow","max-snippet":"max-snippet:-1","max-image-preview":"max-image-preview:large","max-video-preview":"max-video-preview:-1"},"canonical":"https:\/\/amlgroupe.eu\/nl\/cookies\/","og_locale":"nl_NL","og_type":"article","og_title":"Cookies - AML Groupe","og_description":"Retour vers le site Que sont les cookies ? La pr\u00e9sente politique en mati\u00e8re de cookies explique ce que sont les cookies et comment nous les utilisons, les types de cookies que nous utilisons, les informations que nous recueillons \u00e0 l&#8217;aide des cookies et la mani\u00e8re dont ces informations sont utilis\u00e9es, ainsi que la mani\u00e8re [&hellip;]","og_url":"https:\/\/amlgroupe.eu\/nl\/cookies\/","og_site_name":"AML Groupe","article_modified_time":"2025-02-12T10:40:11+00:00","og_image":[{"width":1800,"height":1350,"url":"https:\/\/amlgroupe.eu\/wp-content\/uploads\/2025\/01\/pont-6t4-tourelle.jpg","type":"image\/jpeg"}],"twitter_card":"summary_large_image","twitter_misc":{"Geschatte leestijd":"3 minuten"},"schema":{"@context":"https:\/\/schema.org","@graph":[{"@type":"WebPage","@id":"https:\/\/amlgroupe.eu\/nl\/cookies\/","url":"https:\/\/amlgroupe.eu\/nl\/cookies\/","name":"Cookies - AML Groupe","isPartOf":{"@id":"https:\/\/amlgroupe.eu\/nl\/#website"},"datePublished":"2025-01-29T15:10:59+00:00","dateModified":"2025-02-12T10:40:11+00:00","breadcrumb":{"@id":"https:\/\/amlgroupe.eu\/nl\/cookies\/#breadcrumb"},"inLanguage":"nl-NL","potentialAction":[{"@type":"ReadAction","target":["https:\/\/amlgroupe.eu\/nl\/cookies\/"]}]},{"@type":"BreadcrumbList","@id":"https:\/\/amlgroupe.eu\/nl\/cookies\/#breadcrumb","itemListElement":[{"@type":"ListItem","position":1,"name":"Home","item":"https:\/\/amlgroupe.eu\/nl\/home\/"},{"@type":"ListItem","position":2,"name":"Cookies"}]},{"@type":"WebSite","@id":"https:\/\/amlgroupe.eu\/nl\/#website","url":"https:\/\/amlgroupe.eu\/nl\/","name":"AML Groupe","description":"","publisher":{"@id":"https:\/\/amlgroupe.eu\/nl\/#organization"},"potentialAction":[{"@type":"SearchAction","target":{"@type":"EntryPoint","urlTemplate":"https:\/\/amlgroupe.eu\/nl\/?s={search_term_string}"},"query-input":{"@type":"PropertyValueSpecification","valueRequired":true,"valueName":"search_term_string"}}],"inLanguage":"nl-NL"},{"@type":"Organization","@id":"https:\/\/amlgroupe.eu\/nl\/#organization","name":"AML Groupe","url":"https:\/\/amlgroupe.eu\/nl\/","logo":{"@type":"ImageObject","inLanguage":"nl-NL","@id":"https:\/\/amlgroupe.eu\/nl\/#\/schema\/logo\/image\/","url":"https:\/\/amlgroupe.eu\/wp-content\/uploads\/2025\/02\/aml-groupe-logo-couleur-espace.jpg","contentUrl":"https:\/\/amlgroupe.eu\/wp-content\/uploads\/2025\/02\/aml-groupe-logo-couleur-espace.jpg","width":2000,"height":915,"caption":"AML Groupe"},"image":{"@id":"https:\/\/amlgroupe.eu\/nl\/#\/schema\/logo\/image\/"}}]}},"_links":{"self":[{"href":"https:\/\/amlgroupe.eu\/nl\/wp-json\/wp\/v2\/pages\/1985","targetHints":{"allow":["GET"]}}],"collection":[{"href":"https:\/\/amlgroupe.eu\/nl\/wp-json\/wp\/v2\/pages"}],"about":[{"href":"https:\/\/amlgroupe.eu\/nl\/wp-json\/wp\/v2\/types\/page"}],"author":[{"embeddable":true,"href":"https:\/\/amlgroupe.eu\/nl\/wp-json\/wp\/v2\/users\/1"}],"replies":[{"embeddable":true,"href":"https:\/\/amlgroupe.eu\/nl\/wp-json\/wp\/v2\/comments?post=1985"}],"version-history":[{"count":1,"href":"https:\/\/amlgroupe.eu\/nl\/wp-json\/wp\/v2\/pages\/1985\/revisions"}],"predecessor-version":[{"id":1987,"href":"https:\/\/amlgroupe.eu\/nl\/wp-json\/wp\/v2\/pages\/1985\/revisions\/1987"}],"wp:attachment":[{"href":"https:\/\/amlgroupe.eu\/nl\/wp-json\/wp\/v2\/media?parent=1985"}],"curies":[{"name":"wp","href":"https:\/\/api.w.org\/{rel}","templated":true}]}}