{"id":1989,"date":"2023-08-21T09:58:03","date_gmt":"2023-08-21T09:58:03","guid":{"rendered":"https:\/\/amlgroupe.eu\/confidentialite\/"},"modified":"2025-02-11T15:14:57","modified_gmt":"2025-02-11T15:14:57","slug":"privacybeleid","status":"publish","type":"page","link":"https:\/\/amlgroupe.eu\/nl\/privacybeleid\/","title":{"rendered":"Privacybeleid"},"content":{"rendered":"\t\t<div data-elementor-type=\"wp-page\" data-elementor-id=\"1989\" class=\"elementor elementor-1989 elementor-3\" data-elementor-post-type=\"page\">\n\t\t\t\t<div class=\"elementor-element elementor-element-b1a2da8 e-con-full e-flex e-con e-parent\" data-id=\"b1a2da8\" data-element_type=\"container\">\n\t\t<div class=\"elementor-element elementor-element-e284acb e-con-full cut-container e-flex e-con e-child\" data-id=\"e284acb\" data-element_type=\"container\" data-settings=\"{&quot;background_background&quot;:&quot;classic&quot;}\">\n\t\t<div class=\"elementor-element elementor-element-6034a66 e-flex e-con-boxed e-con e-child\" data-id=\"6034a66\" data-element_type=\"container\">\n\t\t\t\t\t<div class=\"e-con-inner\">\n\t\t\t\t<div class=\"elementor-element elementor-element-4445598 elementor-invisible elementor-widget elementor-widget-heading\" data-id=\"4445598\" data-element_type=\"widget\" data-settings=\"{&quot;_animation&quot;:&quot;fadeInUp&quot;,&quot;_animation_delay&quot;:400}\" data-widget_type=\"heading.default\">\n\t\t\t\t\t<h1 class=\"elementor-heading-title elementor-size-default\">Privacybeleid<\/h1>\t\t\t\t<\/div>\n\t\t<div class=\"elementor-element elementor-element-abad2e0 e-con-full e-flex e-con e-child\" data-id=\"abad2e0\" data-element_type=\"container\">\n\t\t\t\t<div class=\"elementor-element elementor-element-8494578 elementor-invisible elementor-widget elementor-widget-button\" data-id=\"8494578\" data-element_type=\"widget\" data-settings=\"{&quot;_animation&quot;:&quot;fadeInUp&quot;,&quot;_animation_delay&quot;:800}\" data-widget_type=\"button.default\">\n\t\t\t\t\t\t\t\t\t\t<a class=\"elementor-button elementor-button-link elementor-size-sm\" href=\"https:\/\/amlgroupe.eu\/nl\/\">\n\t\t\t\t\t\t<span class=\"elementor-button-content-wrapper\">\n\t\t\t\t\t\t<span class=\"elementor-button-icon\">\n\t\t\t\t<i aria-hidden=\"true\" class=\"icon icon-arrow-left\"><\/i>\t\t\t<\/span>\n\t\t\t\t\t\t\t\t\t<span class=\"elementor-button-text\">Retour vers le site<\/span>\n\t\t\t\t\t<\/span>\n\t\t\t\t\t<\/a>\n\t\t\t\t\t\t\t\t<\/div>\n\t\t\t\t<\/div>\n\t\t\t\t\t<\/div>\n\t\t\t\t<\/div>\n\t\t\t\t<\/div>\n\t\t\t\t<\/div>\n\t\t<div class=\"elementor-element elementor-element-00e357e e-flex e-con-boxed elementor-invisible e-con e-parent\" data-id=\"00e357e\" data-element_type=\"container\" data-settings=\"{&quot;animation&quot;:&quot;fadeIn&quot;}\">\n\t\t\t\t\t<div class=\"e-con-inner\">\n\t\t\t\t<div class=\"elementor-element elementor-element-c1ccb06 elementor-widget elementor-widget-text-editor\" data-id=\"c1ccb06\" data-element_type=\"widget\" data-widget_type=\"text-editor.default\">\n\t\t\t\t\t\t\t\t\t<p>Cette politique de confidentialit\u00e9 d\u00e9crit la politique de Agema SA, Avenue Nobel 6, 1300 Wavre, Belgique, TVA BE 0403.131.901, email : sales@amlgroupe.eu, t\u00e9l\u00e9phone : +32 10 24 21 11 sur la collecte, l&#8217;utilisation et la divulgation des informations que nous recueillons lorsque vous utilisez notre site web ( https:\/\/amlgroupe.eu ). (le &#8220;Service&#8221;). En acc\u00e9dant au Service ou en l&#8217;utilisant, vous consentez \u00e0 la collecte, \u00e0 l&#8217;utilisation et \u00e0 la divulgation de vos informations conform\u00e9ment \u00e0 la pr\u00e9sente politique de confidentialit\u00e9. Si vous n&#8217;\u00eates pas d&#8217;accord, veuillez ne pas acc\u00e9der au service ni l&#8217;utiliser.<\/p><p>Nous pouvons modifier la pr\u00e9sente politique de confidentialit\u00e9 \u00e0 tout moment sans vous en informer au pr\u00e9alable et nous publierons la politique de confidentialit\u00e9 r\u00e9vis\u00e9e sur le service. La politique r\u00e9vis\u00e9e entrera en vigueur 180 jours apr\u00e8s la publication de la politique r\u00e9vis\u00e9e sur le service, et le fait de continuer \u00e0 acc\u00e9der au service ou \u00e0 l&#8217;utiliser apr\u00e8s cette p\u00e9riode constituera votre acceptation de la politique r\u00e9vis\u00e9e en mati\u00e8re de protection de la vie priv\u00e9e. Nous vous encourageons donc \u00e0 consulter r\u00e9guli\u00e8rement cette page.<\/p><h3>Informations collect\u00e9es<\/h3><p>Nous collecterons et traiterons les informations personnelles suivantes vous concernant :<\/p><ul><li>Nom<\/li><li>votre adresse \u00e9lectronique<\/li><li>num\u00e9ro de t\u00e9l\u00e9phone<\/li><\/ul><h3>\u00a0<\/h3><h3>Comment nous utilisons vos informations<\/h3><p>Nous utiliserons les informations que nous recueillons \u00e0 votre sujet aux fins suivantes :<\/p><ul><li>Marketing\/Promotion<\/li><\/ul><p>Si nous voulons utiliser vos informations \u00e0 d&#8217;autres fins, nous vous demanderons votre consentement et nous n&#8217;utiliserons vos informations qu&#8217;apr\u00e8s avoir re\u00e7u votre consentement et uniquement aux fins pour lesquelles le consentement a \u00e9t\u00e9 donn\u00e9, \u00e0 moins que la loi ne nous oblige \u00e0 faire autrement.<\/p><h3>\u00a0<\/h3><h3>Comment nous partageons vos informations<\/h3><p>Nous ne transmettrons pas vos informations personnelles \u00e0 des tiers sans votre consentement, sauf dans les cas limit\u00e9s d\u00e9crits ci-dessous :<\/p><ul><li>Analyse<\/li><\/ul><p>Nous exigeons de ces tiers qu&#8217;ils utilisent les donn\u00e9es \u00e0 caract\u00e8re personnel que nous leur transf\u00e9rons uniquement aux fins pour lesquelles elles ont \u00e9t\u00e9 transf\u00e9r\u00e9es et qu&#8217;ils ne les conservent pas plus longtemps qu&#8217;il n&#8217;est n\u00e9cessaire pour atteindre l&#8217;objectif fix\u00e9.<\/p><p>Nous pouvons \u00e9galement divulguer vos donn\u00e9es \u00e0 caract\u00e8re personnel aux fins suivantes : (1) se conformer \u00e0 toute loi, r\u00e9glementation, d\u00e9cision de justice ou autre proc\u00e9dure judiciaire applicable ; (2) faire respecter les accords que vous avez conclus avec nous, y compris la pr\u00e9sente politique de confidentialit\u00e9 ; ou (3) r\u00e9pondre \u00e0 des plaintes selon lesquelles votre utilisation du service viole les droits d&#8217;un tiers. Si le service ou notre soci\u00e9t\u00e9 est fusionn\u00e9 ou acquis par une autre soci\u00e9t\u00e9, vos informations feront partie des actifs transf\u00e9r\u00e9s au nouveau propri\u00e9taire.<\/p><h3>\u00a0<\/h3><h3>Conservation de vos informations<\/h3><p>Nous conservons vos informations personnelles pendant 90 jours et jusqu&#8217;\u00e0 2 ans apr\u00e8s que les utilisateurs ont r\u00e9sili\u00e9 leur compte ou aussi longtemps que nous en avons besoin pour atteindre les objectifs pour lesquels elles ont \u00e9t\u00e9 collect\u00e9es, tels que d\u00e9crits dans la pr\u00e9sente politique de protection de la vie priv\u00e9e. Il se peut que nous devions conserver certaines informations plus longtemps, par exemple \u00e0 des fins de tenue de registres\/de rapports conform\u00e9ment aux lois applicables ou pour d&#8217;autres raisons l\u00e9gitimes, telles que l&#8217;application de droits l\u00e9gaux, la pr\u00e9vention de la fraude, etc. Les informations anonymes restantes et les informations agr\u00e9g\u00e9es, qui ne permettent pas de vous identifier (directement ou indirectement), peuvent \u00eatre conserv\u00e9es ind\u00e9finiment.<\/p><h3>\u00a0<\/h3><h3>Vos droits<\/h3><p>Selon le droit applicable, vous pouvez avoir un droit d&#8217;acc\u00e8s et de rectification ou d&#8217;effacement de vos donn\u00e9es \u00e0 caract\u00e8re personnel ou recevoir une copie de vos donn\u00e9es \u00e0 caract\u00e8re personnel, restreindre ou vous opposer au traitement actif de vos donn\u00e9es, nous demander de partager (transf\u00e9rer) vos donn\u00e9es \u00e0 caract\u00e8re personnel \u00e0 une autre entit\u00e9, retirer le consentement que vous nous avez donn\u00e9 pour traiter vos donn\u00e9es, un droit de d\u00e9poser une plainte aupr\u00e8s d&#8217;une autorit\u00e9 l\u00e9gale et d&#8217;autres droits qui peuvent \u00eatre pertinents en vertu de la loi applicable. Pour exercer ces droits, veuillez nous \u00e9crire \u00e0 sales@amlgroupe.eu. Nous r\u00e9pondrons \u00e0 votre demande conform\u00e9ment au droit applicable.<\/p><p>Veuillez noter que si vous ne nous autorisez pas \u00e0 collecter ou \u00e0 traiter les donn\u00e9es \u00e0 caract\u00e8re personnel requises ou si vous retirez votre consentement au traitement de ces donn\u00e9es aux fins requises, il se peut que vous ne puissiez pas acc\u00e9der aux services pour lesquels vos donn\u00e9es ont \u00e9t\u00e9 demand\u00e9es ou que vous ne puissiez pas les utiliser.<\/p><h3>\u00a0<\/h3><h3>Cookies<\/h3><p>Pour plus d&#8217;informations sur la mani\u00e8re dont nous les utilisons et sur vos choix concernant ces technologies de suivi, veuillez vous r\u00e9f\u00e9rer \u00e0 notre <a href=\"\/cookies\">politique en mati\u00e8re de cookies<\/a>.<\/p><p>\u00a0<\/p><h3>S\u00e9curit\u00e9<\/h3><p>La s\u00e9curit\u00e9 de vos informations est importante pour nous et nous prendrons des mesures de s\u00e9curit\u00e9 raisonnables pour emp\u00eacher la perte, l&#8217;utilisation abusive ou la modification non autoris\u00e9e de vos informations sous notre contr\u00f4le. Toutefois, compte tenu des risques inh\u00e9rents, nous ne pouvons pas garantir une s\u00e9curit\u00e9 absolue et, par cons\u00e9quent, nous ne pouvons pas assurer ou garantir la s\u00e9curit\u00e9 des informations que vous nous transmettez et vous le faites \u00e0 vos propres risques.<\/p><p>Liens vers des tiers et utilisation de vos informations :<\/p><p>Notre service peut contenir des liens vers d&#8217;autres sites web que nous n&#8217;exploitons pas. La pr\u00e9sente politique de confidentialit\u00e9 ne couvre pas les politiques de confidentialit\u00e9 et autres pratiques des tiers, y compris des tiers qui exploitent un site web ou un service accessible par un lien sur le service. Nous vous encourageons vivement \u00e0 consulter la politique de confidentialit\u00e9 de tout site que vous visitez. Nous n&#8217;avons aucun contr\u00f4le sur le contenu, les politiques de confidentialit\u00e9 ou les pratiques des sites ou services de tiers et n&#8217;acceptons aucune responsabilit\u00e9 \u00e0 cet \u00e9gard.<\/p><h3>\u00a0<\/h3><h3>R\u00e9clamations \/ D\u00e9l\u00e9gu\u00e9 \u00e0 la protection des donn\u00e9es<\/h3><p>Si vous avez des questions ou des inqui\u00e9tudes concernant le traitement des donn\u00e9es dont vous disposez, veuillez envoyer un courriel \u00e0 notre responsable des plaintes \u00e0 Agema SA, Avenue Nobel 6, 1300 Wavre, Belgique, courriel : sales@amlgroupe.eu. Nous r\u00e9pondrons \u00e0 vos pr\u00e9occupations conform\u00e9ment \u00e0 la l\u00e9gislation applicable.<\/p><p>Derni\u00e8re mise \u00e0 jour le 29\/01\/2025<\/p><p>Date d&#8217;entr\u00e9e en vigueur 29\/01\/2025<\/p>\t\t\t\t\t\t\t\t<\/div>\n\t\t\t\t\t<\/div>\n\t\t\t\t<\/div>\n\t\t\t\t<\/div>\n\t\t","protected":false},"excerpt":{"rendered":"<p>Retour vers le site Cette politique de confidentialit\u00e9 d\u00e9crit la politique de Agema SA, Avenue Nobel 6, 1300 Wavre, Belgique, TVA BE 0403.131.901, email : sales@amlgroupe.eu, t\u00e9l\u00e9phone : +32 10 24 21 11 sur la collecte, l&#8217;utilisation et la divulgation des informations que nous recueillons lorsque vous utilisez notre site web ( https:\/\/amlgroupe.eu ). (le [&hellip;]<\/p>\n","protected":false},"author":1,"featured_media":0,"parent":0,"menu_order":0,"comment_status":"closed","ping_status":"open","template":"","meta":{"_acf_changed":false,"footnotes":""},"class_list":["post-1989","page","type-page","status-publish","hentry"],"acf":[],"yoast_head":"<!-- This site is optimized with the Yoast SEO plugin v26.7 - https:\/\/yoast.com\/wordpress\/plugins\/seo\/ -->\n<title>Privacybeleid - AML Groupe<\/title>\n<meta name=\"robots\" content=\"index, follow, max-snippet:-1, max-image-preview:large, max-video-preview:-1\" \/>\n<link rel=\"canonical\" href=\"https:\/\/amlgroupe.eu\/nl\/privacybeleid\/\" \/>\n<meta property=\"og:locale\" content=\"nl_NL\" \/>\n<meta property=\"og:type\" content=\"article\" \/>\n<meta property=\"og:title\" content=\"Privacybeleid - AML Groupe\" \/>\n<meta property=\"og:description\" content=\"Retour vers le site Cette politique de confidentialit\u00e9 d\u00e9crit la politique de Agema SA, Avenue Nobel 6, 1300 Wavre, Belgique, TVA BE 0403.131.901, email : sales@amlgroupe.eu, t\u00e9l\u00e9phone : +32 10 24 21 11 sur la collecte, l&#8217;utilisation et la divulgation des informations que nous recueillons lorsque vous utilisez notre site web ( https:\/\/amlgroupe.eu ). (le [&hellip;]\" \/>\n<meta property=\"og:url\" content=\"https:\/\/amlgroupe.eu\/nl\/privacybeleid\/\" \/>\n<meta property=\"og:site_name\" content=\"AML Groupe\" \/>\n<meta property=\"article:modified_time\" content=\"2025-02-11T15:14:57+00:00\" \/>\n<meta property=\"og:image\" content=\"https:\/\/amlgroupe.eu\/wp-content\/uploads\/2025\/01\/pont-6t4-tourelle.jpg\" \/>\n\t<meta property=\"og:image:width\" content=\"1800\" \/>\n\t<meta property=\"og:image:height\" content=\"1350\" \/>\n\t<meta property=\"og:image:type\" content=\"image\/jpeg\" \/>\n<meta name=\"twitter:card\" content=\"summary_large_image\" \/>\n<meta name=\"twitter:label1\" content=\"Geschatte leestijd\" \/>\n\t<meta name=\"twitter:data1\" content=\"5 minuten\" \/>\n<script type=\"application\/ld+json\" class=\"yoast-schema-graph\">{\"@context\":\"https:\/\/schema.org\",\"@graph\":[{\"@type\":\"WebPage\",\"@id\":\"https:\/\/amlgroupe.eu\/nl\/privacybeleid\/\",\"url\":\"https:\/\/amlgroupe.eu\/nl\/privacybeleid\/\",\"name\":\"Privacybeleid - AML Groupe\",\"isPartOf\":{\"@id\":\"https:\/\/amlgroupe.eu\/nl\/#website\"},\"datePublished\":\"2023-08-21T09:58:03+00:00\",\"dateModified\":\"2025-02-11T15:14:57+00:00\",\"breadcrumb\":{\"@id\":\"https:\/\/amlgroupe.eu\/nl\/privacybeleid\/#breadcrumb\"},\"inLanguage\":\"nl-NL\",\"potentialAction\":[{\"@type\":\"ReadAction\",\"target\":[\"https:\/\/amlgroupe.eu\/nl\/privacybeleid\/\"]}]},{\"@type\":\"BreadcrumbList\",\"@id\":\"https:\/\/amlgroupe.eu\/nl\/privacybeleid\/#breadcrumb\",\"itemListElement\":[{\"@type\":\"ListItem\",\"position\":1,\"name\":\"Home\",\"item\":\"https:\/\/amlgroupe.eu\/nl\/home\/\"},{\"@type\":\"ListItem\",\"position\":2,\"name\":\"Privacybeleid\"}]},{\"@type\":\"WebSite\",\"@id\":\"https:\/\/amlgroupe.eu\/nl\/#website\",\"url\":\"https:\/\/amlgroupe.eu\/nl\/\",\"name\":\"AML Groupe\",\"description\":\"\",\"publisher\":{\"@id\":\"https:\/\/amlgroupe.eu\/nl\/#organization\"},\"potentialAction\":[{\"@type\":\"SearchAction\",\"target\":{\"@type\":\"EntryPoint\",\"urlTemplate\":\"https:\/\/amlgroupe.eu\/nl\/?s={search_term_string}\"},\"query-input\":{\"@type\":\"PropertyValueSpecification\",\"valueRequired\":true,\"valueName\":\"search_term_string\"}}],\"inLanguage\":\"nl-NL\"},{\"@type\":\"Organization\",\"@id\":\"https:\/\/amlgroupe.eu\/nl\/#organization\",\"name\":\"AML Groupe\",\"url\":\"https:\/\/amlgroupe.eu\/nl\/\",\"logo\":{\"@type\":\"ImageObject\",\"inLanguage\":\"nl-NL\",\"@id\":\"https:\/\/amlgroupe.eu\/nl\/#\/schema\/logo\/image\/\",\"url\":\"https:\/\/amlgroupe.eu\/wp-content\/uploads\/2025\/02\/aml-groupe-logo-couleur-espace.jpg\",\"contentUrl\":\"https:\/\/amlgroupe.eu\/wp-content\/uploads\/2025\/02\/aml-groupe-logo-couleur-espace.jpg\",\"width\":2000,\"height\":915,\"caption\":\"AML Groupe\"},\"image\":{\"@id\":\"https:\/\/amlgroupe.eu\/nl\/#\/schema\/logo\/image\/\"}}]}<\/script>\n<!-- \/ Yoast SEO plugin. -->","yoast_head_json":{"title":"Privacybeleid - AML Groupe","robots":{"index":"index","follow":"follow","max-snippet":"max-snippet:-1","max-image-preview":"max-image-preview:large","max-video-preview":"max-video-preview:-1"},"canonical":"https:\/\/amlgroupe.eu\/nl\/privacybeleid\/","og_locale":"nl_NL","og_type":"article","og_title":"Privacybeleid - AML Groupe","og_description":"Retour vers le site Cette politique de confidentialit\u00e9 d\u00e9crit la politique de Agema SA, Avenue Nobel 6, 1300 Wavre, Belgique, TVA BE 0403.131.901, email : sales@amlgroupe.eu, t\u00e9l\u00e9phone : +32 10 24 21 11 sur la collecte, l&#8217;utilisation et la divulgation des informations que nous recueillons lorsque vous utilisez notre site web ( https:\/\/amlgroupe.eu ). (le [&hellip;]","og_url":"https:\/\/amlgroupe.eu\/nl\/privacybeleid\/","og_site_name":"AML Groupe","article_modified_time":"2025-02-11T15:14:57+00:00","og_image":[{"width":1800,"height":1350,"url":"https:\/\/amlgroupe.eu\/wp-content\/uploads\/2025\/01\/pont-6t4-tourelle.jpg","type":"image\/jpeg"}],"twitter_card":"summary_large_image","twitter_misc":{"Geschatte leestijd":"5 minuten"},"schema":{"@context":"https:\/\/schema.org","@graph":[{"@type":"WebPage","@id":"https:\/\/amlgroupe.eu\/nl\/privacybeleid\/","url":"https:\/\/amlgroupe.eu\/nl\/privacybeleid\/","name":"Privacybeleid - AML Groupe","isPartOf":{"@id":"https:\/\/amlgroupe.eu\/nl\/#website"},"datePublished":"2023-08-21T09:58:03+00:00","dateModified":"2025-02-11T15:14:57+00:00","breadcrumb":{"@id":"https:\/\/amlgroupe.eu\/nl\/privacybeleid\/#breadcrumb"},"inLanguage":"nl-NL","potentialAction":[{"@type":"ReadAction","target":["https:\/\/amlgroupe.eu\/nl\/privacybeleid\/"]}]},{"@type":"BreadcrumbList","@id":"https:\/\/amlgroupe.eu\/nl\/privacybeleid\/#breadcrumb","itemListElement":[{"@type":"ListItem","position":1,"name":"Home","item":"https:\/\/amlgroupe.eu\/nl\/home\/"},{"@type":"ListItem","position":2,"name":"Privacybeleid"}]},{"@type":"WebSite","@id":"https:\/\/amlgroupe.eu\/nl\/#website","url":"https:\/\/amlgroupe.eu\/nl\/","name":"AML Groupe","description":"","publisher":{"@id":"https:\/\/amlgroupe.eu\/nl\/#organization"},"potentialAction":[{"@type":"SearchAction","target":{"@type":"EntryPoint","urlTemplate":"https:\/\/amlgroupe.eu\/nl\/?s={search_term_string}"},"query-input":{"@type":"PropertyValueSpecification","valueRequired":true,"valueName":"search_term_string"}}],"inLanguage":"nl-NL"},{"@type":"Organization","@id":"https:\/\/amlgroupe.eu\/nl\/#organization","name":"AML Groupe","url":"https:\/\/amlgroupe.eu\/nl\/","logo":{"@type":"ImageObject","inLanguage":"nl-NL","@id":"https:\/\/amlgroupe.eu\/nl\/#\/schema\/logo\/image\/","url":"https:\/\/amlgroupe.eu\/wp-content\/uploads\/2025\/02\/aml-groupe-logo-couleur-espace.jpg","contentUrl":"https:\/\/amlgroupe.eu\/wp-content\/uploads\/2025\/02\/aml-groupe-logo-couleur-espace.jpg","width":2000,"height":915,"caption":"AML Groupe"},"image":{"@id":"https:\/\/amlgroupe.eu\/nl\/#\/schema\/logo\/image\/"}}]}},"_links":{"self":[{"href":"https:\/\/amlgroupe.eu\/nl\/wp-json\/wp\/v2\/pages\/1989","targetHints":{"allow":["GET"]}}],"collection":[{"href":"https:\/\/amlgroupe.eu\/nl\/wp-json\/wp\/v2\/pages"}],"about":[{"href":"https:\/\/amlgroupe.eu\/nl\/wp-json\/wp\/v2\/types\/page"}],"author":[{"embeddable":true,"href":"https:\/\/amlgroupe.eu\/nl\/wp-json\/wp\/v2\/users\/1"}],"replies":[{"embeddable":true,"href":"https:\/\/amlgroupe.eu\/nl\/wp-json\/wp\/v2\/comments?post=1989"}],"version-history":[{"count":1,"href":"https:\/\/amlgroupe.eu\/nl\/wp-json\/wp\/v2\/pages\/1989\/revisions"}],"predecessor-version":[{"id":1991,"href":"https:\/\/amlgroupe.eu\/nl\/wp-json\/wp\/v2\/pages\/1989\/revisions\/1991"}],"wp:attachment":[{"href":"https:\/\/amlgroupe.eu\/nl\/wp-json\/wp\/v2\/media?parent=1989"}],"curies":[{"name":"wp","href":"https:\/\/api.w.org\/{rel}","templated":true}]}}